{"id":2140,"date":"2025-06-18T02:58:19","date_gmt":"2025-06-18T02:58:19","guid":{"rendered":"https:\/\/siteprod.cl\/xxvcongresodenutricion\/?page_id=2140"},"modified":"2025-06-24T03:37:08","modified_gmt":"2025-06-24T03:37:08","slug":"cocktail","status":"publish","type":"page","link":"https:\/\/siteprod.cl\/xxvcongresodenutricion\/cocktail\/","title":{"rendered":"&#8220;C\u00f3ctel Bailable de Clausura&#8221;"},"content":{"rendered":"<p>Como actividad de cierre del XXV Congreso de Nutrici\u00f3n 2025, te invitamos a un entretenido encuentro el d\u00eda 7 de noviembre a las 19:30 hrs en el Hotel Cumbres Lastarria, ubicado en Jos\u00e9 Victorino Lastarria 299, Santiago Centro (Metro Universidad Cat\u00f3lica, L\u00ednea 1).<\/p>\n<p>\u00a1Te esperamos para compartir y disfrutar de una noche divertida de karaoke y Baile!<\/p>\n<p>Esta actividad tiene un costo de participaci\u00f3n, el cual puedes revisar en nuestra p\u00e1gina de precios.<\/p>\n<p>&nbsp;<\/p>\n","protected":false},"excerpt":{"rendered":"<p>Como actividad de cierre del XXV Congreso de Nutrici\u00f3n 2025, te invitamos a un entretenido encuentro el d\u00eda 7 de noviembre a las 19:30 hrs en el Hotel Cumbres Lastarria, ubicado en Jos\u00e9 Victorino Lastarria 299, Santiago Centro (Metro Universidad Cat\u00f3lica, L\u00ednea<\/p>\n","protected":false},"author":1,"featured_media":2145,"parent":0,"menu_order":0,"comment_status":"closed","ping_status":"closed","template":"","meta":{"footnotes":""},"class_list":["post-2140","page","type-page","status-publish","has-post-thumbnail","hentry"],"_links":{"self":[{"href":"https:\/\/siteprod.cl\/xxvcongresodenutricion\/wp-json\/wp\/v2\/pages\/2140","targetHints":{"allow":["GET"]}}],"collection":[{"href":"https:\/\/siteprod.cl\/xxvcongresodenutricion\/wp-json\/wp\/v2\/pages"}],"about":[{"href":"https:\/\/siteprod.cl\/xxvcongresodenutricion\/wp-json\/wp\/v2\/types\/page"}],"author":[{"embeddable":true,"href":"https:\/\/siteprod.cl\/xxvcongresodenutricion\/wp-json\/wp\/v2\/users\/1"}],"replies":[{"embeddable":true,"href":"https:\/\/siteprod.cl\/xxvcongresodenutricion\/wp-json\/wp\/v2\/comments?post=2140"}],"version-history":[{"count":6,"href":"https:\/\/siteprod.cl\/xxvcongresodenutricion\/wp-json\/wp\/v2\/pages\/2140\/revisions"}],"predecessor-version":[{"id":2175,"href":"https:\/\/siteprod.cl\/xxvcongresodenutricion\/wp-json\/wp\/v2\/pages\/2140\/revisions\/2175"}],"wp:featuredmedia":[{"embeddable":true,"href":"https:\/\/siteprod.cl\/xxvcongresodenutricion\/wp-json\/wp\/v2\/media\/2145"}],"wp:attachment":[{"href":"https:\/\/siteprod.cl\/xxvcongresodenutricion\/wp-json\/wp\/v2\/media?parent=2140"}],"curies":[{"name":"wp","href":"https:\/\/api.w.org\/{rel}","templated":true}]}}